{"id":38,"date":"2017-07-16T15:29:32","date_gmt":"2017-07-16T13:29:32","guid":{"rendered":"http:\/\/lethor.lu\/?page_id=38"},"modified":"2017-07-16T15:29:32","modified_gmt":"2017-07-16T13:29:32","slug":"hta-et-grossesse","status":"publish","type":"page","link":"https:\/\/lethor.lu\/index.php\/blog\/hta-et-grossesse\/","title":{"rendered":"HTA et Grossesse"},"content":{"rendered":"<p>Il est recommand\u00e9 de mesurer la pression art\u00e9rielle en position assise, en milieu m\u00e9dical, apr\u00e8s au moins 5 minutes de repos, en utilisant un appareil \u00e9lectronique hum\u00e9ral homologu\u00e9 de mesure de la pression art\u00e9rielle (Grade A, Classe 1).<\/p>\n<p><b>D\u00e9finitions de l\u2019HTA au cours de la grossesse:<\/b><\/p>\n<table class=\"inline_data_table\" border=\"0\" cellspacing=\"1\" cellpadding=\"4\">\n<tbody>\n<tr>\n<td>HTA lors de la grossesse<\/td>\n<td>PAS \u2265 140 mm Hg<\/p>\n<p>ou PAD \u2265 90 mm Hg<\/td>\n<\/tr>\n<tr>\n<td>HTA l\u00e9g\u00e8re \u00e0 mod\u00e9r\u00e9e<\/td>\n<td>PAS = 140-159 mm Hg<\/p>\n<p>ou PAD = 90-109 mm Hg<\/td>\n<\/tr>\n<tr>\n<td>HTA s\u00e9v\u00e8re<\/td>\n<td>PAS \u2265 160 mm Hg<\/p>\n<p>ou PAD \u2265 110 mm Hg<\/td>\n<\/tr>\n<\/tbody>\n<\/table>\n<p><b>La pr\u00e9-\u00e9clampsie <\/b>est une hypertension art\u00e9rielle (contr\u00f4l\u00e9e ou non) associ\u00e9e \u00e0 une prot\u00e9inurie pathologique d\u00e9couverte apr\u00e8s la 20\u00e8me semaine d\u2019am\u00e9norrh\u00e9e (SA).<\/p>\n<p>Elle est s\u00e9v\u00e8re lorsqu\u2019elle est associ\u00e9e \u00e0 une HTA s\u00e9v\u00e8re ou \u00e0 une atteinte visc\u00e9rale d\u00e9finie par au moins l\u2019un des crit\u00e8res suivants :<br \/>\n&#8211; une oligurie inf\u00e9rieure \u00e0 500 ml par 24 heures, ou une cr\u00e9atinin\u00e9mie sup\u00e9rieure \u00e0 135 \u03bcmol\/l, ou une prot\u00e9inurie sup\u00e9rieure \u00e0 3 g par 24 heures,<br \/>\n-un oed\u00e8me aigu du poumon,<br \/>\n-une douleur en barre \u00e9pigastrique persistante,<br \/>\n-un HELLP syndrome (h\u00e9molyse intra-vasculaire, cytolyse h\u00e9patique et thrombop\u00e9nie),<br \/>\n-des signes neurologiques persistants (troubles visuels, c\u00e9phal\u00e9es, r\u00e9flexes ost\u00e9o-tendineux vifs et polycin\u00e9tiques, convulsions),<br \/>\n-un h\u00e9matome r\u00e9tro-placentaire.<\/p>\n<p>&nbsp;<\/p>\n<p>Les recommandations sont consultables <a href=\"http:\/\/www.sfhta.eu\/wp-content\/uploads\/2017\/03\/Consensus-dexperts-HTA-et-Grossesse-de-la-SFHTA-D%C3%A9c.-2015.pdf\" target=\"_blank\">sur le site de la SFHTA.<\/a><\/p>\n<p>&nbsp;<\/p>\n","protected":false},"excerpt":{"rendered":"<p>Il est recommand\u00e9 de mesurer la pression art\u00e9rielle en position assise, en milieu m\u00e9dical, apr\u00e8s au moins 5 minutes de repos, en utilisant un appareil \u00e9lectronique hum\u00e9ral homologu\u00e9 de mesure de la pression art\u00e9rielle (Grade A, Classe 1). D\u00e9finitions de l\u2019HTA au cours de la grossesse: HTA lors de la grossesse PAS \u2265 140 mm &hellip; <\/p>\n<p class=\"link-more\"><a href=\"https:\/\/lethor.lu\/index.php\/blog\/hta-et-grossesse\/\" class=\"more-link\">Continue reading<span class=\"screen-reader-text\"> &#8220;HTA et Grossesse&#8221;<\/span><\/a><\/p>\n","protected":false},"author":1,"featured_media":0,"parent":10,"menu_order":0,"comment_status":"closed","ping_status":"closed","template":"","meta":{"footnotes":""},"class_list":["post-38","page","type-page","status-publish","hentry"],"_links":{"self":[{"href":"https:\/\/lethor.lu\/index.php\/wp-json\/wp\/v2\/pages\/38","targetHints":{"allow":["GET"]}}],"collection":[{"href":"https:\/\/lethor.lu\/index.php\/wp-json\/wp\/v2\/pages"}],"about":[{"href":"https:\/\/lethor.lu\/index.php\/wp-json\/wp\/v2\/types\/page"}],"author":[{"embeddable":true,"href":"https:\/\/lethor.lu\/index.php\/wp-json\/wp\/v2\/users\/1"}],"replies":[{"embeddable":true,"href":"https:\/\/lethor.lu\/index.php\/wp-json\/wp\/v2\/comments?post=38"}],"version-history":[{"count":1,"href":"https:\/\/lethor.lu\/index.php\/wp-json\/wp\/v2\/pages\/38\/revisions"}],"predecessor-version":[{"id":39,"href":"https:\/\/lethor.lu\/index.php\/wp-json\/wp\/v2\/pages\/38\/revisions\/39"}],"up":[{"embeddable":true,"href":"https:\/\/lethor.lu\/index.php\/wp-json\/wp\/v2\/pages\/10"}],"wp:attachment":[{"href":"https:\/\/lethor.lu\/index.php\/wp-json\/wp\/v2\/media?parent=38"}],"curies":[{"name":"wp","href":"https:\/\/api.w.org\/{rel}","templated":true}]}}