{"id":33,"date":"2017-07-16T15:20:48","date_gmt":"2017-07-16T13:20:48","guid":{"rendered":"http:\/\/lethor.lu\/?page_id=33"},"modified":"2025-08-02T23:33:02","modified_gmt":"2025-08-02T21:33:02","slug":"scientific-work","status":"publish","type":"page","link":"https:\/\/lethor.lu\/index.php\/scientific-work\/","title":{"rendered":"Scientific work"},"content":{"rendered":"<p><strong>SCIENTIFIC WORK:<\/strong><\/p>\n<p><em>Journals:<\/em><\/p>\n<p><strong>Lethor JP<\/strong>, de Moor M. <a href=\"http:\/\/circ.ahajournals.org\/content\/103\/10\/e55.full.pdf\" target=\"_blank\"><span style=\"text-decoration: underline;\"><span style=\"color: #f08e38;\">Multiple cardiac tumors in the fetus<\/span><\/span><\/a>.<br \/>\nCirculation. 2001 Mar 13;103(10):E55.<\/p>\n<p><strong>Lethor JP<\/strong>, Marcon F, de Moor M, King ME. <a href=\"http:\/\/circ.ahajournals.org\/content\/101\/10\/e93.full.pdf\" target=\"_blank\"><span style=\"text-decoration: underline;\"><span style=\"color: #f08e38;\">Physiology of ventricular septal defect shunt flow in the fetus examined by color Doppler M-mode<\/span><\/span><\/a>.<br \/>\nCirculation. 2000 Mar 14;101(10):E93<\/p>\n<p><strong>Lethor JP<\/strong>, Handschumacher MD, Siu SC, Rivera JM, Picard MH, Weyman AE, Levine RA. Quantitative Reconstruction of the Left Ventricle Using a New Fully Intagrated Three-dimensional Echocardiographic System: Feasibility and Validation in Human Subjects.<br \/>\nJ Am Coll Cardiol 1992;19:381A<\/p>\n<p><strong>Lethor JP<\/strong>, Handschumacher MD, Siu SC, Picard MH, Weyman AE, Levine RA.<br \/>\nA New Fully Intagrated System For Three-dimensional Echocardiographic Reconstruction: Validation for Ventricular Volume. Circulation 1991;84:II-684<\/p>\n<p><strong>Lethor JP<\/strong>, Mcglew S, Guerrero L, Weyman AE, Picard MH. Doppler quantitation of pericardial pressure: influence of volume state. J Am Coll Cardiol 1991;17:50A<\/p>\n<p><strong>Lethor JP<\/strong>, Danchin N, Suty-Selton C, Juillere Y, Cherrier F. Spasme occlusif sur les trois troncs coronaires chez un valvulaire. Ann Med Nancy Est 1991;30:285-288.<\/p>\n<p>Brembilla-Perrot B, Zinsch AM, Sellal JM, Zinzius PY, Schwartz J, Beurrier D, DE Chillou C, Godenir JP, <strong>Lethor JP<\/strong>, Marchal C, Cloez JL, Pauriah M, Nosu R,<br \/>\nAndronache M, Mar\u00e7on F. Age-Related Prognosis of Syncope Associated with a Preexcitation Syndrome.<br \/>\nPacing Clin Electrophysiol. 2013 Feb 25.<\/p>\n<p>Hauet Q, Beaupain B, Micheau M, Blayo M, Gandemer V, Gottrand F, Blin N, Fouyssac F, <strong>Lethor JP<\/strong>, Bellann\u00e9-Chantelot C, Bonnet D, Donadieu J.<br \/>\nCardiomyopathies and congenital heart diseases in Shwachman-Diamond syndrome: A national survey.<br \/>\nInt J Cardiol. 2012 Nov 16.<\/p>\n<p>Arterial switch operation with a single coronary artery: the autograft concept.<br \/>\nMac\u00e9 L, Vanhuyse F, Jellimann JM, Youssef D, Moulin-Zinsch A, <strong>Lethor JP<\/strong>, Mar\u00e7on F.<br \/>\nAnn Thorac Surg. 2009 Jun;87(6):1967-8.<\/p>\n<p>Rapid and low-cost method to prove the nature of no documented tachycardia in children and teenagers without pre-excitation syndrome.<br \/>\nBrembilla-Perrot B, Groben L, Chometon F, <strong>Lethor JP<\/strong>, Admant P, Cloez JL, Popescu I, Marchal C, Cedano J, Abdelaal A, Huttin O, Tatar C, Benzaghou N, Azman B, Terrier De La Chaise A, Mar\u00e7on F.<br \/>\nEuropace. 2009 Aug;11(8):1083-9. Epub 2009 Apr 24.<\/p>\n<p>Transesophageal electrophysiological study in non sedated children younger than 11 years with a Wolff-Parkinson-White syndrome.<br \/>\nBrembilla-Perrot B, Cloez JL, Marchal C, Chometon F, Huttin O, Tatar C, <strong>Lethor JP<\/strong>, Tisserand A, Admant P, Belhadj K, Simon JP, Benzhagou N, Mar\u00e7on F.<br \/>\nAnn Cardiol Angeiol (Paris). 2009 Feb;58(1):1-6. Epub 2008 Aug 22.<\/p>\n<p>Lucron H, Chipaux M, Bosser G, Le Tacon S, <strong>Lethor JP<\/strong>, Feillet F, Burger G, Monin<br \/>\nP, Marcon F. Complications of prostaglandin E1 treatment of congenital heart disease in paediatric medical intensive care<br \/>\nArch Mal Coeur Vaiss. 2005 May;98(5):524-30.<\/p>\n<p>Lucron H, Bosser G, <strong>Lethor JP<\/strong>, Sommelet D, Feillet F, Burger G, Monin P, Marcon F.<br \/>\nKawasaki disease in newborns and infants: refractory forms to immunoglobulin therapy<br \/>\nArch Mal Coeur Vaiss. 2004 May;97(5):522-8.<\/p>\n<p>Bosser G, Lucron H, <strong>Lethor JP<\/strong>, Burger G, Beltramo F, Marie PY, Marcon F. Evidence of early impairments in both right and left ventricular inotropic reserves in children with Duchenne\u2019s muscular dystrophy.<br \/>\nAm J Cardiol. 2004 Mar 15;93(6):724-7.<\/p>\n<p>Codreanu A, Marcon F, Bosser G, Lucron H, Burger G, <strong>Lethor JP<\/strong>, Sadoul N, Dodinot B. Cardiac stimulation in the infant and young child<br \/>\nArch Mal Coeur Vaiss. 2003 May;96(5):499-506. French.<\/p>\n<p>Popovic B, Marcon F, Lucron H, Bosser G, <strong>Lethor JP<\/strong>, Sadoul N, Dodinot B. Isolated congenital complete atrio-ventricular block<br \/>\nArch Mal Coeur Vaiss. 2003 May;96(5):489-93.<\/p>\n<p>Marcon F, Bosser G, Lucron H, <strong>Lethor JP<\/strong>. Role of pediatric cardiologists in the management of neonates with congenital heart disease.<br \/>\nArch Pediatr. 2001 Oct;8(10):1121-4.<\/p>\n<p>Lucron H, Mar\u00e7on F. Bosser G, <strong>Lethor JP<\/strong>, Marie P-Y, Brembilla-Perrot B. Induction of Sustained ventricular Tachycardia After Surgical Repair of Tetralogy of Fallot. Am J Cardiol 1999;83:1369-1373.<\/p>\n<p>Berger M-O, Maurice N, Winterfeldt G, <strong>Lethor JP<\/strong><br \/>\nAutomatic 3D Reconstruction of the Beating Left Ventricle Using Transthoracic Echographic Images.Computers in Cardiology, IEEE 1998<\/p>\n<p><strong>Lethor JP<\/strong>, Winterfeldt G, Berger M-O, Handschumacher MD, Crance J-P, Mar\u00e7on F. Fast Automated Echographic System for 4-D Data Acquisition on Patients Using a Transthoracic Approach. Computers in Cardiology, IEEE Lund 1997<\/p>\n<p>Mar\u00e7on F, <strong>Lethor JP<\/strong>, Worms AM. Ebstein Disease. Encycl Med Chir (Elsevier, Paris), Cardiologie-Angeiologie, 11-040-E-10, 1998, 7p<\/p>\n<p>Gendrault B, <strong>Lethor JP<\/strong>, Marcon F, Bosser G, Bordigoni P, Jonveaux P, Leheup B. Autoimmune hyperthyroidism in two cases of the velo-cardio-facial syndrome: a new piece of the 22q11 deletion puzzle. European Society of Human genetics, Abs May 1998<\/p>\n<p>Winterfeldt G, Berger M-O, <strong>Lethor JP<\/strong>, Handschumacher MD. Expert-model based 3D reconstruction of the beating left ventricle using echographic images. Computers in Cardiology, IEEE Lund 1997<\/p>\n<p>Bosser G, Mar\u00e7on F, <strong>Lethor JP<\/strong>, Worms Am. Evaluation a moyen et long terme da la valvuloplastie pulmonaire percutan\u00e9e chez l\u2019enfant. Arch Mal Coeur Vaiss 1997 Abs.<\/p>\n<p><strong>Lethor JP<\/strong>, Mar\u00e7on F, Bosser G, Lucron H, Marie P-Y, Worms A-M. Anomalous origin of the left main coronary artery from the right coronary sinus and trajectory to the great vessels. Value of echocardiography in a child. Arch Mal Coeur Vaiss 1996 May;89(5):637-639<\/p>\n<p>Bosser G, Mar\u00e7on F, <strong>Lethor JP<\/strong>, Marie P-Y, Worms A-M. R\u00e9sultats \u00e0 cinq ans de la chirurgie de d\u00e9transposition \u00e0 l\u2019\u00e9tage art\u00e9riel dans la transposition des gros vaisseaux. Arch. Mal. Coeur Vaiss 1996 Abs.<\/p>\n<p>Siu SC, Levine RA, Rivera JM, Xie SW, <strong>Lethor JP<\/strong>, Handschumacher MD, Weyman AE, Picard MH. Three-dimensional echocardiography improves noninvasive assessment of left ventricular volume and performance. Am. Heart J 1995;130:812-22<\/p>\n<p>Mar\u00e7on F, Bosser G, Bendaoud A, <strong>Lethor JP<\/strong>, Worms AM. Long-term efficacy and tolerability of amiodarone in children. Arch Mal Coeur Vaiss 1995 May;88(5):731-736<\/p>\n<p>Tasler M, <strong>Lethor JP<\/strong>, Granjon Y. A new approach to 3D reconstruction in echocardiography based on non-convex voxels. Proceedings IEEE 95<\/p>\n<p>Rivera JM, Siu SC, Handschumacher MD, <strong>Lethor JP<\/strong>, Guerrero JL, Vlahakes GJ, Mitchell JD, Weyman AE, King ME, Levine RA. Three-dimensional reconstruction of ventricular septal defects: validation studies and in vivo feasibility.<br \/>\nJ Am Coll Cardiol 1994;23:201-8<\/p>\n<p>Chen C, Rodriguez L, <strong>Lethor JP<\/strong>, Levine RA, Semigran MS, Fifer MA, Weyman AE, Thomas JD. Continuous wave doppler echocardiography for noninvasive assessment of left ventricular dP\/dt and relaxation time constant from mitral regurgitant spectra in patients.<br \/>\nJ Am Coll Cardiol 1994;23:970-6<\/p>\n<p>Handschumacher MD, <strong>Lethor JP<\/strong>, Siu SC, Mele D, Rivera JM, Picard MH, Weyman AE, Levine RA. A new integrated system for three-dimensional echocardiographic reconstruction: Development and validation for ventricular volume with application in human subjects.<br \/>\nJ Am Coll Cardiol 1993;21:743-53<\/p>\n<p>Siu SC, Rivera JM, Guerrero JL, Handschumacher MD, <strong>Lethor JP<\/strong>, Weyman AE, Levine RA, Picard MH. Three-dimensional Echocardiography. In Vivo Validation for Left Ventricular Volume and Function. Circulation 1993;88:1715-23<\/p>\n<p>Juillere Y, Danchin N, Grentzinger A, Suty-Selton C, <strong>Lethor JP<\/strong>, Guenoun P, Pernot C, Cherrier F. Occlusion coronaire isol\u00e9e de l\u2019art\u00e8re interventriculaire ant\u00e9rieure: importance de la circulation de suppl\u00e9ance dans la pr\u00e9servation de la fonction ventriculaire gauche; r\u00f4le de l\u2019angor. Ann Med Nancy Est 1991;30:277-280.<\/p>\n<p>Handschumacher MD, Weyman AE, <strong>Lethor JP<\/strong>, Levine RA. Three-dimensional echocardiography: a new method for real-time integration and computer storage of images and positional data in high volume. Am Coll Cardiol 1991;17:3A<\/p>\n<p>Picard MH, Siu SC, <strong>Lethor JP<\/strong>, Handschumacher MD. Three-Dimensional echocardiographic Reconstruction and Quantitation of the Left Ventricular Endocardial Surface.<br \/>\nCirculation 1991;84:II-685<\/p>\n<p>Juillere Y, Danchin N, Grentzinger A, Suty-Selton C, <strong>Lethor JP<\/strong>, Courtalon T, Pernot C, Cherrier F. Role of previous angina pectoris and collateral flow to preserve left ventricular function in the presence or absence of myocardial infarction in isolated total occlusion of the left anterior descending coronary artery. Am J Cardiol 1990;65:277-281<\/p>\n<p>Juillere Y, Danchin N, Grentzinger A, Suty-Selton C, <strong>Lethor JP<\/strong>, Courtalon T.<br \/>\nDur\u00e9e d\u2019angor, circulation de suppl\u00e9ance et fonction ventriculaire gauche apr\u00e8s occlusion coronaire isol\u00e9e de l\u2019art\u00e8re interventriculaire ant\u00e9rieure. Arch Mal Coeur Vaiss 1989;82:436<\/p>\n<p>Danchin N, Juillere Y, Suty-Selton C, Grentzinger A, <strong>Lethor JP<\/strong>, Courtalon T, Guenoun P, Perrin O, Cherrier F. Prevention of methylergometrine-induced coronary spasm by oral molsidomine or nefidipine in variant angina: a double blind randomised cross-over trial.<br \/>\nEur Heart J 1989;10:70<\/p>\n<p>Anthoine D, <strong>Lethor JP<\/strong>, Lorrain P, Fade O, Collignon Jl.<br \/>\nFibrose pulmonaire et polymyosite: \u00e0 propos d\u2019une observation. Ann Med Nancy Est 1989.<\/p>\n<p>Juillere Y, Danchin N, Grentzinger A, Suty-Selton C, <strong>Lethor JP<\/strong>, Courtalon T, Pernot C, Cherrier F. Preceding angina pectoris, collateral flow and left ventricular function after isolated occlusion of the left anterior descending coronary artery. Eur Heart J 1989;10:418<\/p>\n<p><em>Book:<\/em><\/p>\n<p>Anthoine D, <strong>Lethor J-P<\/strong>.<br \/>\nLe poumon cardiaque.<br \/>\nmanuel de Pneumologie, JM Dubois De Montraynaud.<br \/>\nMEDSI\/Mc GRAW-HILL ISBN 2-86439-194<\/p>\n","protected":false},"excerpt":{"rendered":"<p>SCIENTIFIC WORK: Journals: Lethor JP, de Moor M. Multiple cardiac tumors in the fetus. Circulation. 2001 Mar 13;103(10):E55. Lethor JP, Marcon F, de Moor M, King ME. Physiology of ventricular septal defect shunt flow in the fetus examined by color Doppler M-mode. Circulation. 2000 Mar 14;101(10):E93 Lethor JP, Handschumacher MD, Siu SC, Rivera JM, Picard &hellip; <\/p>\n<p class=\"link-more\"><a href=\"https:\/\/lethor.lu\/index.php\/scientific-work\/\" class=\"more-link\">Continue reading<span class=\"screen-reader-text\"> &#8220;Scientific work&#8221;<\/span><\/a><\/p>\n","protected":false},"author":1,"featured_media":0,"parent":0,"menu_order":0,"comment_status":"closed","ping_status":"closed","template":"","meta":{"footnotes":""},"class_list":["post-33","page","type-page","status-publish","hentry"],"_links":{"self":[{"href":"https:\/\/lethor.lu\/index.php\/wp-json\/wp\/v2\/pages\/33","targetHints":{"allow":["GET"]}}],"collection":[{"href":"https:\/\/lethor.lu\/index.php\/wp-json\/wp\/v2\/pages"}],"about":[{"href":"https:\/\/lethor.lu\/index.php\/wp-json\/wp\/v2\/types\/page"}],"author":[{"embeddable":true,"href":"https:\/\/lethor.lu\/index.php\/wp-json\/wp\/v2\/users\/1"}],"replies":[{"embeddable":true,"href":"https:\/\/lethor.lu\/index.php\/wp-json\/wp\/v2\/comments?post=33"}],"version-history":[{"count":1,"href":"https:\/\/lethor.lu\/index.php\/wp-json\/wp\/v2\/pages\/33\/revisions"}],"predecessor-version":[{"id":34,"href":"https:\/\/lethor.lu\/index.php\/wp-json\/wp\/v2\/pages\/33\/revisions\/34"}],"wp:attachment":[{"href":"https:\/\/lethor.lu\/index.php\/wp-json\/wp\/v2\/media?parent=33"}],"curies":[{"name":"wp","href":"https:\/\/api.w.org\/{rel}","templated":true}]}}