{"id":135,"date":"2019-03-03T22:40:54","date_gmt":"2019-03-03T21:40:54","guid":{"rendered":"http:\/\/lethor.lu\/?page_id=135"},"modified":"2019-03-03T22:40:55","modified_gmt":"2019-03-03T21:40:55","slug":"cardiopediatre","status":"publish","type":"page","link":"https:\/\/lethor.lu\/index.php\/blog\/cardiopediatre\/","title":{"rendered":"Cardiop\u00e9diatre"},"content":{"rendered":"\n<p><strong>Pourquoi consulter un CARDIOPEDIATRE&nbsp; ?<\/strong>\n&nbsp;\nSp\u00e9cialis\u00e9 dans le traitement des malformations cong\u00e9nitales, le cardiop\u00e9diatre est avant tout un cardiologue donc, un professionnel de la sant\u00e9. La cardiop\u00e9diatrie est cette branche de la cardiologue qui s\u2019occupe du c\u0153ur des f\u0153tus, des nourrissons ainsi que des enfants. Il peut soigner ou corriger les \u00e9ventuelles pathologies que rencontrent ses patients. En tant que m\u00e9decin, il est amen\u00e9 \u00e0 rencontrer ses patients avant m\u00eame leur naissance. De nos jours, avec le d\u00e9veloppement des technologies, cette sp\u00e9cialit\u00e9 conna\u00eet un v\u00e9ritable progr\u00e8s.\n&nbsp;\nQuelles sont les missions d\u2019un cardiop\u00e9diatre ?<\/p>\n\n\n\n<p>\nExpert du c\u0153ur, il joue plusieurs r\u00f4les importants. Il assure la survie des f\u0153tus qui se d\u00e9veloppent avec des anomalies, mais soigne aussi le c\u0153ur des jeunes patients. Loin de se limiter \u00e0 apporter de traitements aux c\u0153urs mal form\u00e9s, le cardiop\u00e9diatre aide le malade \u00e0 recouvrer la sant\u00e9. Au cours de son travail, il diagnostique les cas de cardiopathies cong\u00e9nitales et fait le suivi des enfants. Vous pourrez donc lui confier un enfant porteur de maladies h\u00e9r\u00e9ditaires, souffrant de troubles du rythme ou m\u00eame de dysfonctions cardiaques. Il n\u2019est pas rare de voir \u00e9galement certains adultes atteints de maladies cong\u00e9nitales se faire prendre en charge par ce docteur.\n&nbsp;\n&nbsp;\nQuelles malformations cong\u00e9nitales rencontre-t-il dans l\u2019exercice de sa fonction ?<br>Nombreuses sont les maladies cong\u00e9nitales ou les pathologies cardiaques dont souffrent les enfants et qui sont prises en charge par le cardiop\u00e9diatre.<\/p>\n\n\n\n<p>\nLe plus fr\u00e9quent est le souffle au c\u0153ur : il se d\u00e9finit par le bruit turbulent que fait le sang au cours de son passage \u00e0 l\u2019int\u00e9rieur d&#8217;un orifice lors de l\u2019auscultation. Il d\u00e9coule aussi des \u00e9changes entre deux organes comme les oreillettes ou les ventricules. Il existe cependant plusieurs formes de souffle cardiaque : le souffle systolique, diastolique, le souffle vibratoire apexien ou endapexien, le souffle infundibulo-pulmonaire, le souffle veineux du cou, ou m\u00eame le souffle innocent.<\/p>\n\n\n\n<p>\nEt pour traiter ses diff\u00e9rents souffles, il a recours soit au traitement par m\u00e9dicaments (les anticoagulants, des b\u00eatabloquants) ; soit \u00e0 une op\u00e9ration chirurgicale ou \u00e0 une surveillance r\u00e9guli\u00e8re.<\/p>\n\n\n\n<p>\nLe cardiop\u00e9diatre est \u00e9galement confront\u00e9 aux cardiopathies avec insuffisance cardiaque : ce terme m\u00e9dical regroupe la coarctation pr\u00e9ductale, le shunt gauche-droite, le r\u00e9tr\u00e9cissement aortique cong\u00e9nital critique et l\u2019hypoplasie. Les deux derniers cas de maladies cit\u00e9es sont rares. Ensuite il y a les cardiopathies avec cyanose (qui regroupent l\u2019atr\u00e9sie tricuspide, la t\u00e9tralogie de Fallots). La liste de ces malformations est longue, d\u2019o\u00f9 l\u2019importance d\u2019une bonne observation et d\u2019une conclusion pr\u00e9cise lors des premiers examens.\nComment se d\u00e9roule la consultation chez le cardiop\u00e9diatre ?<\/p>\n\n\n\n<p>\nEn effet, il a une m\u00e9thodologie de travail bien pr\u00e9cise. Il a souvent recours \u00e0 l\u2019auscultation chez tous ses patients. Ses consultations ne sont toujours pas faciles, car le plus souvent il est entour\u00e9 d\u2019enfants qui ont peur. Dans ce cas par exemple, l\u2019auscultation peut \u00eatre g\u00ean\u00e9e par les pleurs, les cris ou l\u2019agitation de ses petits patients. Il est aussi amen\u00e9 \u00e0 faire un \u00e9lectrocardiogramme lors des visites.\n&nbsp;\nLe gyn\u00e9cologue est mieux indiqu\u00e9 pour envoyer la femme enceinte vers le cardiop\u00e9diatre.\nR\u00e9alis\u00e9 m\u00eame sur les f\u0153tus, l&#8217;\u00e9chocardiographie permet de d\u00e9celer les malformations cardiaques qui impliquent une surveillance ou un traitement m\u00e9dical ou chirurgical.<\/p>\n\n\n\n<p>\nSi c\u2019est \u00e0 la naissance que l\u2019affection (souffle cardiaque, difficult\u00e9s alimentaires ou respiratoires, les malaises) a \u00e9t\u00e9 d\u00e9tect\u00e9e, le m\u00e9decin g\u00e9n\u00e9raliste ou le cardiologue peut \u00eatre amen\u00e9 \u00e0 demander l\u2019avis du cardiop\u00e9diatre. Ainsi ce dernier r\u00e9alisera les examens compl\u00e9mentaires afin d\u2019\u00eatre fix\u00e9.\n&nbsp;\n&nbsp;\n\u00c0 quels examens peut-il avoir recours ?<br>Plusieurs moyens permettent \u00e0 ce professionnel de la sant\u00e9 de faire un bon diagnostic :<\/p>\n\n\n\n<p><strong>L\u2019anamn\u00e8se<\/strong> : il s\u2018agit d\u2019un questionnaire m\u00e9dical permettant de confirmer les sympt\u00f4mes et l\u2019\u00e9volution de la maladie, les ant\u00e9c\u00e9dents de l\u2019enfant ainsi que de la famille. Ces questions sont tr\u00e8s importantes lorsque l\u2019enfant se fait consulter pour la premi\u00e8re fois.\n<strong>L\u2019examen clinique<\/strong> : permet d\u2019observer et d\u2019analyser l\u2019enfant afin de comprendre la pathologie \u00e0 travers les informations que sont le poids, la taille, les caract\u00e9ristiques de la respiration, la palpation abdominale, etc.\n<strong>L\u2019ECG<\/strong> : cet examen r\u00e9v\u00e8le au cardiop\u00e9diatre des informations sur le rythme cardiaque\n<strong>L\u2019\u00e9chocardiographie transthoracique<\/strong> : permet de visualiser et de faire une \u00e9tude approfondie de la structure du c\u0153ur de l\u2019enfant.\n<strong>le Holter ECG<\/strong> ou TA qui sert \u00e0 conna\u00eetre les variations du rythme cardiaque de l\u2019enfant.<\/p>\n\n\n\n<p>\nIl a \u00e9galement recours \u00e0 des examens comme : l\u2019\u00e9preuve d\u2019effort, le cath\u00e9t\u00e9risme cardiaque diagnostique, la scintigraphie isotopique, le scanner thoracique, la r\u00e9sonance magn\u00e9tique nucl\u00e9aire, l\u2019\u00e9chocardiographie f\u0153tale (diagnostic pr\u00e9natal) etc.<\/p>\n\n\n\n<p>\nEn r\u00e9sum\u00e9, il est important de se rendre chez le cardiop\u00e9diatre que vous soyez enceinte ou que vous ayez un b\u00e9b\u00e9 souffrant. Il se soucie du bien-\u00eatre de vos enfants et contribue surtout \u00e0 la bonne sant\u00e9 des nouveau-n\u00e9s.\n\n<\/p>\n","protected":false},"excerpt":{"rendered":"<p>Pourquoi consulter un CARDIOPEDIATRE&nbsp; ? &nbsp; Sp\u00e9cialis\u00e9 dans le traitement des malformations cong\u00e9nitales, le cardiop\u00e9diatre est avant tout un cardiologue donc, un professionnel de la sant\u00e9. La cardiop\u00e9diatrie est cette branche de la cardiologue qui s\u2019occupe du c\u0153ur des f\u0153tus, des nourrissons ainsi que des enfants. Il peut soigner ou corriger les \u00e9ventuelles pathologies que &hellip; <\/p>\n<p class=\"link-more\"><a href=\"https:\/\/lethor.lu\/index.php\/blog\/cardiopediatre\/\" class=\"more-link\">Continue reading<span class=\"screen-reader-text\"> &#8220;Cardiop\u00e9diatre&#8221;<\/span><\/a><\/p>\n","protected":false},"author":1,"featured_media":0,"parent":10,"menu_order":0,"comment_status":"closed","ping_status":"closed","template":"","meta":{"footnotes":""},"class_list":["post-135","page","type-page","status-publish","hentry"],"_links":{"self":[{"href":"https:\/\/lethor.lu\/index.php\/wp-json\/wp\/v2\/pages\/135","targetHints":{"allow":["GET"]}}],"collection":[{"href":"https:\/\/lethor.lu\/index.php\/wp-json\/wp\/v2\/pages"}],"about":[{"href":"https:\/\/lethor.lu\/index.php\/wp-json\/wp\/v2\/types\/page"}],"author":[{"embeddable":true,"href":"https:\/\/lethor.lu\/index.php\/wp-json\/wp\/v2\/users\/1"}],"replies":[{"embeddable":true,"href":"https:\/\/lethor.lu\/index.php\/wp-json\/wp\/v2\/comments?post=135"}],"version-history":[{"count":1,"href":"https:\/\/lethor.lu\/index.php\/wp-json\/wp\/v2\/pages\/135\/revisions"}],"predecessor-version":[{"id":136,"href":"https:\/\/lethor.lu\/index.php\/wp-json\/wp\/v2\/pages\/135\/revisions\/136"}],"up":[{"embeddable":true,"href":"https:\/\/lethor.lu\/index.php\/wp-json\/wp\/v2\/pages\/10"}],"wp:attachment":[{"href":"https:\/\/lethor.lu\/index.php\/wp-json\/wp\/v2\/media?parent=135"}],"curies":[{"name":"wp","href":"https:\/\/api.w.org\/{rel}","templated":true}]}}